{"id":46,"date":"2022-04-14T00:31:51","date_gmt":"2022-04-14T00:31:51","guid":{"rendered":"https:\/\/abcsc.com.br\/forum\/log-in\/"},"modified":"2022-04-14T00:32:20","modified_gmt":"2022-04-14T00:32:20","slug":"log-in","status":"publish","type":"page","link":"https:\/\/abcsc.com.br\/forum\/log-in\/","title":{"rendered":"Login"},"content":{"rendered":"<div id=\"wppb-login-wrap\" class=\"wppb-user-forms\">\n\t\t<form name=\"wppb-loginform\" id=\"wppb-loginform\" action=\"https:\/\/abcsc.com.br\/forum\/wp-json\/wp\/v2\/pages\/46\" method=\"post\">\n\t\t\t\n\t\t\t<p class=\"login-username\">\n\t\t\t\t<label for=\"user_login\">Username or Email<\/label>\n\t\t\t\t<input type=\"text\" name=\"log\" id=\"user_login\" class=\"input\" value=\"\" size=\"20\" \/>\n\t\t\t<\/p>\n\t\t\t<p class=\"login-password\">\n\t\t\t\t<label for=\"user_pass\">Password<\/label>\n\t\t\t\t<input type=\"password\" name=\"pwd\" id=\"user_pass\" class=\"input\" value=\"\" size=\"20\" \/>\n\t\t\t<\/p>\n\t\t\t\n\t\t\t<p class=\"login-remember\"><input name=\"rememberme\" type=\"checkbox\" id=\"rememberme\" value=\"forever\" \/><label for=\"rememberme\">Remember Me<\/label><\/p>\n\t\t\t<p class=\"login-submit\">\n\t\t\t\t<input type=\"submit\" name=\"wp-submit\" id=\"wppb-submit\" class=\"button button-primary\" value=\"Log In\" \/>\n\t\t\t\t<input type=\"hidden\" name=\"redirect_to\" value=\"https:\/\/abcsc.com.br\/forum\/wp-json\/wp\/v2\/pages\/46\" \/>\n\t\t\t<\/p>\n\t\t\t<input type=\"hidden\" name=\"wppb_login\" value=\"true\"\/>\n\t\t\t<input type=\"hidden\" name=\"wppb_form_location\" value=\"widget\"\/>\n\t\t\t<input type=\"hidden\" name=\"wppb_request_url\" value=\"https:\/\/abcsc.com.br\/forum\/wp-json\/wp\/v2\/pages\/46\"\/>\n\t\t\t<input type=\"hidden\" name=\"wppb_lostpassword_url\" value=\"\"\/>\n\t\t\t<input type=\"hidden\" name=\"wppb_redirect_priority\" value=\"\"\/>\n\t\t\t<input type=\"hidden\" name=\"wppb_referer_url\" value=\"\"\/>\n\t\t\t<input type=\"hidden\" id=\"CSRFToken-wppb\" name=\"CSRFToken-wppb\" value=\"7793ea2fdd\" \/><input type=\"hidden\" name=\"_wp_http_referer\" value=\"\/forum\/wp-json\/wp\/v2\/pages\/46\" \/>\n\t\t\t<input type=\"hidden\" name=\"wppb_redirect_check\" value=\"true\"\/>\n\t\t\t\n\t\t<\/form><\/div>\n","protected":false},"excerpt":{"rendered":"","protected":false},"author":1,"featured_media":0,"parent":0,"menu_order":0,"comment_status":"closed","ping_status":"closed","template":"","meta":{"footnotes":""},"class_list":["post-46","page","type-page","status-publish","hentry"],"yoast_head":"<!-- This site is optimized with the Yoast SEO plugin v20.1 - https:\/\/yoast.com\/wordpress\/plugins\/seo\/ -->\n<title>Login - F\u00f3rum<\/title>\n<meta name=\"robots\" content=\"index, follow, max-snippet:-1, max-image-preview:large, max-video-preview:-1\" \/>\n<link rel=\"canonical\" href=\"https:\/\/abcsc.com.br\/forum\/log-in\/\" class=\"yoast-seo-meta-tag\" \/>\n<meta property=\"og:locale\" content=\"pt_BR\" class=\"yoast-seo-meta-tag\" \/>\n<meta property=\"og:type\" content=\"article\" class=\"yoast-seo-meta-tag\" \/>\n<meta property=\"og:title\" content=\"Login - F\u00f3rum\" class=\"yoast-seo-meta-tag\" \/>\n<meta property=\"og:url\" content=\"https:\/\/abcsc.com.br\/forum\/log-in\/\" class=\"yoast-seo-meta-tag\" \/>\n<meta property=\"og:site_name\" content=\"F\u00f3rum\" class=\"yoast-seo-meta-tag\" \/>\n<meta property=\"article:modified_time\" content=\"2022-04-14T00:32:20+00:00\" class=\"yoast-seo-meta-tag\" \/>\n<meta name=\"twitter:card\" content=\"summary_large_image\" class=\"yoast-seo-meta-tag\" \/>\n<script type=\"application\/ld+json\" class=\"yoast-schema-graph\">{\"@context\":\"https:\/\/schema.org\",\"@graph\":[{\"@type\":\"WebPage\",\"@id\":\"https:\/\/abcsc.com.br\/forum\/log-in\/\",\"url\":\"https:\/\/abcsc.com.br\/forum\/log-in\/\",\"name\":\"Login - F\u00f3rum\",\"isPartOf\":{\"@id\":\"https:\/\/abcsc.com.br\/forum\/#website\"},\"datePublished\":\"2022-04-14T00:31:51+00:00\",\"dateModified\":\"2022-04-14T00:32:20+00:00\",\"breadcrumb\":{\"@id\":\"https:\/\/abcsc.com.br\/forum\/log-in\/#breadcrumb\"},\"inLanguage\":\"pt-BR\",\"potentialAction\":[{\"@type\":\"ReadAction\",\"target\":[\"https:\/\/abcsc.com.br\/forum\/log-in\/\"]}]},{\"@type\":\"BreadcrumbList\",\"@id\":\"https:\/\/abcsc.com.br\/forum\/log-in\/#breadcrumb\",\"itemListElement\":[{\"@type\":\"ListItem\",\"position\":1,\"name\":\"In\u00edcio\",\"item\":\"https:\/\/abcsc.com.br\/forum\/\"},{\"@type\":\"ListItem\",\"position\":2,\"name\":\"Login\"}]},{\"@type\":\"WebSite\",\"@id\":\"https:\/\/abcsc.com.br\/forum\/#website\",\"url\":\"https:\/\/abcsc.com.br\/forum\/\",\"name\":\"F\u00f3rum\",\"description\":\"ABCSC\",\"publisher\":{\"@id\":\"https:\/\/abcsc.com.br\/forum\/#organization\"},\"potentialAction\":[{\"@type\":\"SearchAction\",\"target\":{\"@type\":\"EntryPoint\",\"urlTemplate\":\"https:\/\/abcsc.com.br\/forum\/?s={search_term_string}\"},\"query-input\":\"required name=search_term_string\"}],\"inLanguage\":\"pt-BR\"},{\"@type\":\"Organization\",\"@id\":\"https:\/\/abcsc.com.br\/forum\/#organization\",\"name\":\"Associa\u00e7\u00e3o Brasileira de Ci\u00eancias Sensoriais e do Consumidor\",\"url\":\"https:\/\/abcsc.com.br\/forum\/\",\"logo\":{\"@type\":\"ImageObject\",\"inLanguage\":\"pt-BR\",\"@id\":\"https:\/\/abcsc.com.br\/forum\/#\/schema\/logo\/image\/\",\"url\":\"https:\/\/abcsc.com.br\/forum\/wp-content\/uploads\/2022\/08\/ABCSC_LogoRGB_simpl-1.png\",\"contentUrl\":\"https:\/\/abcsc.com.br\/forum\/wp-content\/uploads\/2022\/08\/ABCSC_LogoRGB_simpl-1.png\",\"width\":459,\"height\":233,\"caption\":\"Associa\u00e7\u00e3o Brasileira de Ci\u00eancias Sensoriais e do Consumidor\"},\"image\":{\"@id\":\"https:\/\/abcsc.com.br\/forum\/#\/schema\/logo\/image\/\"},\"sameAs\":[\"https:\/\/www.instagram.com\/abcscoficial\/\"]}]}<\/script>\n<!-- \/ Yoast SEO plugin. -->","yoast_head_json":{"title":"Login - F\u00f3rum","robots":{"index":"index","follow":"follow","max-snippet":"max-snippet:-1","max-image-preview":"max-image-preview:large","max-video-preview":"max-video-preview:-1"},"canonical":"https:\/\/abcsc.com.br\/forum\/log-in\/","og_locale":"pt_BR","og_type":"article","og_title":"Login - F\u00f3rum","og_url":"https:\/\/abcsc.com.br\/forum\/log-in\/","og_site_name":"F\u00f3rum","article_modified_time":"2022-04-14T00:32:20+00:00","twitter_card":"summary_large_image","schema":{"@context":"https:\/\/schema.org","@graph":[{"@type":"WebPage","@id":"https:\/\/abcsc.com.br\/forum\/log-in\/","url":"https:\/\/abcsc.com.br\/forum\/log-in\/","name":"Login - F\u00f3rum","isPartOf":{"@id":"https:\/\/abcsc.com.br\/forum\/#website"},"datePublished":"2022-04-14T00:31:51+00:00","dateModified":"2022-04-14T00:32:20+00:00","breadcrumb":{"@id":"https:\/\/abcsc.com.br\/forum\/log-in\/#breadcrumb"},"inLanguage":"pt-BR","potentialAction":[{"@type":"ReadAction","target":["https:\/\/abcsc.com.br\/forum\/log-in\/"]}]},{"@type":"BreadcrumbList","@id":"https:\/\/abcsc.com.br\/forum\/log-in\/#breadcrumb","itemListElement":[{"@type":"ListItem","position":1,"name":"In\u00edcio","item":"https:\/\/abcsc.com.br\/forum\/"},{"@type":"ListItem","position":2,"name":"Login"}]},{"@type":"WebSite","@id":"https:\/\/abcsc.com.br\/forum\/#website","url":"https:\/\/abcsc.com.br\/forum\/","name":"F\u00f3rum","description":"ABCSC","publisher":{"@id":"https:\/\/abcsc.com.br\/forum\/#organization"},"potentialAction":[{"@type":"SearchAction","target":{"@type":"EntryPoint","urlTemplate":"https:\/\/abcsc.com.br\/forum\/?s={search_term_string}"},"query-input":"required name=search_term_string"}],"inLanguage":"pt-BR"},{"@type":"Organization","@id":"https:\/\/abcsc.com.br\/forum\/#organization","name":"Associa\u00e7\u00e3o Brasileira de Ci\u00eancias Sensoriais e do Consumidor","url":"https:\/\/abcsc.com.br\/forum\/","logo":{"@type":"ImageObject","inLanguage":"pt-BR","@id":"https:\/\/abcsc.com.br\/forum\/#\/schema\/logo\/image\/","url":"https:\/\/abcsc.com.br\/forum\/wp-content\/uploads\/2022\/08\/ABCSC_LogoRGB_simpl-1.png","contentUrl":"https:\/\/abcsc.com.br\/forum\/wp-content\/uploads\/2022\/08\/ABCSC_LogoRGB_simpl-1.png","width":459,"height":233,"caption":"Associa\u00e7\u00e3o Brasileira de Ci\u00eancias Sensoriais e do Consumidor"},"image":{"@id":"https:\/\/abcsc.com.br\/forum\/#\/schema\/logo\/image\/"},"sameAs":["https:\/\/www.instagram.com\/abcscoficial\/"]}]}},"_links":{"self":[{"href":"https:\/\/abcsc.com.br\/forum\/wp-json\/wp\/v2\/pages\/46","targetHints":{"allow":["GET"]}}],"collection":[{"href":"https:\/\/abcsc.com.br\/forum\/wp-json\/wp\/v2\/pages"}],"about":[{"href":"https:\/\/abcsc.com.br\/forum\/wp-json\/wp\/v2\/types\/page"}],"author":[{"embeddable":true,"href":"https:\/\/abcsc.com.br\/forum\/wp-json\/wp\/v2\/users\/1"}],"replies":[{"embeddable":true,"href":"https:\/\/abcsc.com.br\/forum\/wp-json\/wp\/v2\/comments?post=46"}],"version-history":[{"count":1,"href":"https:\/\/abcsc.com.br\/forum\/wp-json\/wp\/v2\/pages\/46\/revisions"}],"predecessor-version":[{"id":48,"href":"https:\/\/abcsc.com.br\/forum\/wp-json\/wp\/v2\/pages\/46\/revisions\/48"}],"wp:attachment":[{"href":"https:\/\/abcsc.com.br\/forum\/wp-json\/wp\/v2\/media?parent=46"}],"curies":[{"name":"wp","href":"https:\/\/api.w.org\/{rel}","templated":true}]}}